{"id":15,"date":"2023-11-28T09:06:22","date_gmt":"2023-11-28T08:06:22","guid":{"rendered":"https:\/\/boutique-unphotographe.fr\/?post_type=product&#038;p=15"},"modified":"2024-01-01T04:39:28","modified_gmt":"2024-01-01T03:39:28","slug":"new-fashion-pro-styles-pour-capture-one","status":"publish","type":"product","link":"https:\/\/boutique-unphotographe.fr\/?product=new-fashion-pro-styles-pour-capture-one","title":{"rendered":"New Fashion Pro &#8211; Styles pour Capture One"},"content":{"rendered":"<p>12 Styles pour Capture One, faciles \u00e0 appliquer, il suffit de r\u00e9gler l&#8217;exposition et la balance des blancs si besoin, vous pouvez \u00e9galement r\u00e9gler le % d&#8217;opacit\u00e9 en l&#8217;appliquant comme calque. Pour un rendu professionnel en quelques clics.<\/p>\n","protected":false},"excerpt":{"rendered":"<p>Collection New Fashion , faciles \u00e0 appliquer, il suffit de r\u00e9gler l&#8217;exposition et la balance des blancs si besoin, vous pouvez \u00e9galement r\u00e9gler le % d&#8217;opacit\u00e9 en l&#8217;appliquant si besoin.<\/p>\n","protected":false},"featured_media":16,"comment_status":"open","ping_status":"closed","template":"","meta":{"om_disable_all_campaigns":false,"_monsterinsights_skip_tracking":false,"_monsterinsights_sitenote_active":false,"_monsterinsights_sitenote_note":"","_monsterinsights_sitenote_category":0},"product_cat":[19],"product_tag":[26,28,25,27,24],"aioseo_notices":[],"jetpack_sharing_enabled":true,"_links":{"self":[{"href":"https:\/\/boutique-unphotographe.fr\/index.php?rest_route=\/wp\/v2\/product\/15"}],"collection":[{"href":"https:\/\/boutique-unphotographe.fr\/index.php?rest_route=\/wp\/v2\/product"}],"about":[{"href":"https:\/\/boutique-unphotographe.fr\/index.php?rest_route=\/wp\/v2\/types\/product"}],"replies":[{"embeddable":true,"href":"https:\/\/boutique-unphotographe.fr\/index.php?rest_route=%2Fwp%2Fv2%2Fcomments&post=15"}],"wp:featuredmedia":[{"embeddable":true,"href":"https:\/\/boutique-unphotographe.fr\/index.php?rest_route=\/wp\/v2\/media\/16"}],"wp:attachment":[{"href":"https:\/\/boutique-unphotographe.fr\/index.php?rest_route=%2Fwp%2Fv2%2Fmedia&parent=15"}],"wp:term":[{"taxonomy":"product_cat","embeddable":true,"href":"https:\/\/boutique-unphotographe.fr\/index.php?rest_route=%2Fwp%2Fv2%2Fproduct_cat&post=15"},{"taxonomy":"product_tag","embeddable":true,"href":"https:\/\/boutique-unphotographe.fr\/index.php?rest_route=%2Fwp%2Fv2%2Fproduct_tag&post=15"}],"curies":[{"name":"wp","href":"https:\/\/api.w.org\/{rel}","templated":true}]}}